{"id":1141,"date":"2020-10-08T14:45:33","date_gmt":"2020-10-08T14:45:33","guid":{"rendered":"http:\/\/immersafe.sk\/shop\/?post_type=product&#038;p=1141"},"modified":"2020-12-30T12:48:21","modified_gmt":"2020-12-30T12:48:21","slug":"dual-seal-185","status":"publish","type":"product","link":"https:\/\/immersafe.sk\/shop\/produkt\/bezpecnostne-plomby\/plastove-plomby\/dual-seal-185\/","title":{"rendered":"Dual Seal 185"},"content":{"rendered":"<div id=\"box_description\" class=\"box tab\">\n<div class=\"innerbox\">\n<div class=\"resetcss\">\n<p>Bezpe\u010dnostn\u00e1 plomba z polypropyl\u00e9nu vysokej kvality. Zacvak\u00e1vac\u00ed plombuj\u00faci mechanizmus vyroben\u00fd z trval\u00e9ho technick\u00e9ho plastu zabezpe\u010duje, \u017ee plomba je siln\u00e1 a odoln\u00e1 vo\u010di poveternostn\u00fdm podmienkam v rozsahu tepl\u00f4t od -40\u00b0C do +80\u00b0C. Hladk\u00fd a elastick\u00fd remienok u\u013eah\u010duje zamykanie. Odolnos\u0165 vo\u010di roztrhnutiu je 20 kgf. Pe\u010datenie a odstra\u0148ovanie je bez pou\u017eitia n\u00e1radia. Oslabenie p\u00e1su u\u013eah\u010duje odstr\u00e1nenie plomby a zabra\u0148uje manipul\u00e1ci\u00ed.<\/p>\n<p><strong>POU\u017dITIE:<\/strong> n\u00e1kladn\u00e9 n\u00e1vesy, \u017eelezni\u010dn\u00e9 vag\u00f3ny, sklady, evakua\u010dn\u00e9 dvere, at\u010f.<\/p>\n<p><strong>ZNA\u010cENIE:<\/strong> hot stamping, termo transfer, alebo laserov\u00e9 grav\u00edrovanie<\/p>\n<p><strong>ROZMERY:<\/strong><\/p>\n<ul>\n<li>\u0161\u00edrka p\u00e1su 7,0 x 1,2 mm, \u0161t\u00edtok 50 x 21 mm<\/li>\n<li>celkov\u00e1 d\u013a\u017eka 185 mm, prev\u00e1dzkov\u00e1 d\u013a\u017eka 125 mm<\/li>\n<\/ul>\n<p>&nbsp;<\/p>\n<\/div>\n<\/div>\n<\/div>\n","protected":false},"excerpt":{"rendered":"<p>Plastov\u00e9 plomby pou\u017e\u00edvan\u00e9 v transporte a logistike<\/p>\n","protected":false},"featured_media":1346,"template":"","meta":{"_acf_changed":false},"product_brand":[],"product_cat":[33,77,69],"product_tag":[],"class_list":{"0":"post-1141","1":"product","2":"type-product","3":"status-publish","4":"has-post-thumbnail","6":"product_cat-bezpecnostne-plomby","7":"product_cat-plomby-s-pevnou-dlzkou","8":"product_cat-plastove-plomby","10":"first","11":"instock","12":"taxable","13":"shipping-taxable","14":"purchasable","15":"product-type-variable","16":"has-default-attributes"},"acf":[],"jetpack_sharing_enabled":true,"_links":{"self":[{"href":"https:\/\/immersafe.sk\/shop\/wp-json\/wp\/v2\/product\/1141","targetHints":{"allow":["GET"]}}],"collection":[{"href":"https:\/\/immersafe.sk\/shop\/wp-json\/wp\/v2\/product"}],"about":[{"href":"https:\/\/immersafe.sk\/shop\/wp-json\/wp\/v2\/types\/product"}],"wp:featuredmedia":[{"embeddable":true,"href":"https:\/\/immersafe.sk\/shop\/wp-json\/wp\/v2\/media\/1346"}],"wp:attachment":[{"href":"https:\/\/immersafe.sk\/shop\/wp-json\/wp\/v2\/media?parent=1141"}],"wp:term":[{"taxonomy":"product_brand","embeddable":true,"href":"https:\/\/immersafe.sk\/shop\/wp-json\/wp\/v2\/product_brand?post=1141"},{"taxonomy":"product_cat","embeddable":true,"href":"https:\/\/immersafe.sk\/shop\/wp-json\/wp\/v2\/product_cat?post=1141"},{"taxonomy":"product_tag","embeddable":true,"href":"https:\/\/immersafe.sk\/shop\/wp-json\/wp\/v2\/product_tag?post=1141"}],"curies":[{"name":"wp","href":"https:\/\/api.w.org\/{rel}","templated":true}]}}