{"id":1175,"date":"2020-10-11T06:19:11","date_gmt":"2020-10-11T06:19:11","guid":{"rendered":"http:\/\/immersafe.sk\/shop\/?post_type=product&#038;p=1175"},"modified":"2020-12-30T16:21:13","modified_gmt":"2020-12-30T16:21:13","slug":"bezpecnostna-obalka-b5-biela","status":"publish","type":"product","link":"https:\/\/immersafe.sk\/shop\/produkt\/bezpecnostne-obalky\/bezpecnostna-obalka-b5-biela\/","title":{"rendered":"Bezpe\u010dnostn\u00e1 ob\u00e1lka B5 &#8211; biela"},"content":{"rendered":"<div id=\"box_description\" class=\"box tab\">\n<div class=\"innerbox\">\n<div class=\"resetcss\">\n<div class=\"container-fluid content-wrapper layout-product\">\n<div class=\"row\">\n<div class=\"container\">\n<div class=\"row\">\n<div class=\"single-product-content\">\n<div class=\"col-xs-12\">\n<div class=\"product-tabs\">\n<div class=\"tab-content\">\n<div id=\"user_opis\" class=\"tab-pane in active\">\n<div class=\"product-description-long\">\n<div id=\"box_description\" class=\"box tab\">\n<div class=\"innerbox\">\n<div class=\"resetcss\">\n<div id=\"box_description\" class=\"box tab\">\n<div class=\"innerbox\">\n<div class=\"resetcss\">\n<div id=\"box_description\" class=\"box tab\">\n<div class=\"innerbox\">\n<div class=\"resetcss\">\n<p>Neprieh\u013eadn\u00e9 bezpe\u010dnostn\u00e9 ob\u00e1lky sa pou\u017e\u00edvaj\u00fa na prenos a uskladnenie obsahu, nem\u00f4\u017ee by\u0165 z bezpe\u010dnostn\u00fdch d\u00f4vodov vidite\u013en\u00fd, alebo z d\u00f4vodu ochrany osobn\u00fdch \u00fadajov &#8211; peniaze, cennosti alebo firemn\u00e9 dokumenty.<\/p>\n<p>Depozitn\u00e9 ob\u00e1lky s\u00fa vybaven\u00e9 \u0161peci\u00e1lnou samolepiacou p\u00e1skou, ktor\u00e1 zabr\u00e1ni otvoreniu ob\u00e1lky bez zanechania st\u00f4p. Samotn\u00e1 p\u00e1ska zaru\u010duje najvy\u0161\u0161iu \u00farove\u0148 bezpe\u010dnosti &#8211; s\u00fa v nej pou\u017eit\u00e9 a\u017e 4 ukazovatele, ktor\u00e9 odha\u013euj\u00fa pokusy o manipul\u00e1ciu (mechanick\u00e9, chemick\u00e9, indik\u00e1tory teploty a chladu).<\/p>\n<p>Bezpe\u010dnostn\u00e9 ob\u00e1lky s\u00fa vyroben\u00e9 zo silnej, trojvrstvovej, zv\u00e1ranej f\u00f3lie, ktor\u00e1 je odoln\u00e1 proti roztrhnutiu a n\u00e1hodn\u00e9mu po\u0161kodeniu pri preprave. Pou\u017eit\u00e1 mikrotla\u010d chr\u00e1ni bo\u010dn\u00e9 okraje ob\u00e1lky, v\u010faka \u010domu je okam\u017eite vidite\u013en\u00e1 rezn\u00e1 hrana a op\u00e4tovn\u00e9 zv\u00e1ranie. Dodato\u010dn\u00e9 potvrdenky tvoria dokument o odovzdan\u00ed ob\u00e1lky.<\/p>\n<p>Pou\u017e\u00edvame iba jedine\u010dn\u00e9 \u010d\u00edslovanie ob\u00e1lok.<\/p>\n<p>Pou\u017eitie<br \/>\n\u2022 ukladanie a prevoz hotovosti<br \/>\n\u2022 ukladanie PIN k\u00f3dov<br \/>\n\u2022 zasielanie d\u00f4vern\u00fdch dokumentov, hlasovacie karty, ponuky verejn\u00fdch s\u00fa\u0165a\u017e\u00ed<br \/>\n\u2022 zabezpe\u010denie k\u013e\u00fa\u010dov a pr\u00edstupov\u00fdch kariet<br \/>\n\u2022 skladovanie vzoriek<br \/>\n\u2022 zabezpe\u010denie vecn\u00fdch d\u00f4kazov<\/p>\n<\/div>\n<\/div>\n<\/div>\n<\/div>\n<\/div>\n<\/div>\n<\/div>\n<\/div>\n<\/div>\n<\/div>\n<\/div>\n<\/div>\n<\/div>\n<\/div>\n<\/div>\n<\/div>\n<\/div>\n<\/div>\n<\/div>\n<\/div>\n<\/div>\n<\/div>\n","protected":false},"excerpt":{"rendered":"<p>180&#215;255 mm<br \/>\nDodato\u010dn\u00e9 potvrdenky<\/p>\n","protected":false},"featured_media":1186,"template":"","meta":{"_acf_changed":false},"product_brand":[],"product_cat":[119,23],"product_tag":[],"class_list":{"0":"post-1175","1":"product","2":"type-product","3":"status-publish","4":"has-post-thumbnail","6":"product_cat-feature-product","7":"product_cat-bezpecnostne-obalky","9":"first","10":"instock","11":"taxable","12":"shipping-taxable","13":"purchasable","14":"product-type-variable","15":"has-default-attributes"},"acf":[],"jetpack_sharing_enabled":true,"_links":{"self":[{"href":"https:\/\/immersafe.sk\/shop\/wp-json\/wp\/v2\/product\/1175","targetHints":{"allow":["GET"]}}],"collection":[{"href":"https:\/\/immersafe.sk\/shop\/wp-json\/wp\/v2\/product"}],"about":[{"href":"https:\/\/immersafe.sk\/shop\/wp-json\/wp\/v2\/types\/product"}],"wp:featuredmedia":[{"embeddable":true,"href":"https:\/\/immersafe.sk\/shop\/wp-json\/wp\/v2\/media\/1186"}],"wp:attachment":[{"href":"https:\/\/immersafe.sk\/shop\/wp-json\/wp\/v2\/media?parent=1175"}],"wp:term":[{"taxonomy":"product_brand","embeddable":true,"href":"https:\/\/immersafe.sk\/shop\/wp-json\/wp\/v2\/product_brand?post=1175"},{"taxonomy":"product_cat","embeddable":true,"href":"https:\/\/immersafe.sk\/shop\/wp-json\/wp\/v2\/product_cat?post=1175"},{"taxonomy":"product_tag","embeddable":true,"href":"https:\/\/immersafe.sk\/shop\/wp-json\/wp\/v2\/product_tag?post=1175"}],"curies":[{"name":"wp","href":"https:\/\/api.w.org\/{rel}","templated":true}]}}