{"id":1239,"date":"2020-10-15T06:46:00","date_gmt":"2020-10-15T06:46:00","guid":{"rendered":"http:\/\/immersafe.sk\/shop\/?post_type=product&#038;p=1239"},"modified":"2020-12-15T16:45:23","modified_gmt":"2020-12-15T16:45:23","slug":"tester-bankoviek-uv-5-6","status":"publish","type":"product","link":"https:\/\/immersafe.sk\/shop\/produkt\/sprava-hotovosti\/tester-bankoviek-uv-5-6\/","title":{"rendered":"Tester bankoviek UV 5.6"},"content":{"rendered":"<div id=\"box_description\" class=\"box tab\">\n<div class=\"innerbox\">\n<div class=\"resetcss\">\n<div id=\"box_description\" class=\"box tab\">\n<div class=\"innerbox\">\n<div class=\"resetcss\">\n<div id=\"box_description\" class=\"box tab\">\n<div class=\"innerbox\">\n<div class=\"resetcss\">\n<div id=\"box_description\" class=\"box tab\">\n<div class=\"innerbox\">\n<div class=\"resetcss\">\n<div id=\"box_description\" class=\"box tab\">\n<div class=\"innerbox\">\n<div class=\"resetcss\">\n<div id=\"box_description\" class=\"box tab\">\n<div class=\"innerbox\">\n<div class=\"resetcss\">\n<div id=\"box_description\" class=\"box tab\">\n<div class=\"innerbox\">\n<div class=\"resetcss\">\n<div id=\"box_description\" class=\"box tab\">\n<div class=\"innerbox\">\n<div class=\"resetcss\">\n<p>UV lampa 5.6 dok\u00e1\u017ee \u013eahko a r\u00fdchlo overi\u0165 pravos\u0165 v\u0161etk\u00fdch bankoviek a in\u00fdch \u00faradn\u00fdch dokladov, ako s\u00fa kreditn\u00e9 karty, vodi\u010dsk\u00e9 preukazy a pasy.<br \/>\nDve 6W UV \u017eiarovky, biele svetlo, magnetick\u00e1 \u010d\u00edtacia hlava a zv\u00e4\u010d\u0161ovacie sklo pre mal\u00fa grafiku bezpe\u010dnostn\u00fdch funkci\u00ed.<\/p>\n<p>Vlastnosti<br \/>\n\u2022 jednoduch\u00e9 pou\u017eitie<br \/>\n\u2022 Inteligentn\u00fd dizajn zabra\u0148uje expoz\u00edci\u00ed UV \u017eiarenia do o\u010d\u00ed<br \/>\n\u2022 2x v\u00fdkonn\u00e9 6W UV \u017eiarovky pre optim\u00e1lne pou\u017eitie aj za denn\u00e9ho svetla<br \/>\n\u2022 magnetick\u00e1 detekcia pomocou optick\u00e9ho a akustick\u00e9ho sign\u00e1lu<br \/>\nzv\u00e4\u010d\u0161ovacie sklo na \u010d\u00edtanie mikrotla\u010de<\/p>\n<p>Technick\u00e9 d\u00e1ta<br \/>\n\u2022 rozmery: 256x135x149 (Vx\u0160xH v mm)<br \/>\n\u2022 hmotnos\u0165: 1 kg<br \/>\n\u2022 v\u00fdkon: 220-230 V<br \/>\n\u2022 sign\u00e1l: optick\u00fd a akustick\u00fd (magnetick\u00fd)<br \/>\n\u2022 karta: CE<br \/>\n\u2022 12-mesa\u010dn\u00e1 z\u00e1ruka (okrem \u017eiarovky)<\/p>\n<\/div>\n<\/div>\n<\/div>\n<\/div>\n<\/div>\n<\/div>\n<\/div>\n<\/div>\n<\/div>\n<\/div>\n<\/div>\n<\/div>\n<\/div>\n<\/div>\n<\/div>\n<\/div>\n<\/div>\n<\/div>\n<\/div>\n<\/div>\n<\/div>\n<\/div>\n<\/div>\n<\/div>\n","protected":false},"excerpt":{"rendered":"<p>R\u00fdchla a spo\u013eahliv\u00e1 kontrola bankoviek<\/p>\n","protected":false},"featured_media":1242,"template":"","meta":{"_acf_changed":false},"product_brand":[],"product_cat":[115],"product_tag":[],"class_list":{"0":"post-1239","1":"product","2":"type-product","3":"status-publish","4":"has-post-thumbnail","6":"product_cat-sprava-hotovosti","8":"first","9":"instock","10":"taxable","11":"shipping-taxable","12":"purchasable","13":"product-type-simple"},"acf":[],"jetpack_sharing_enabled":true,"_links":{"self":[{"href":"https:\/\/immersafe.sk\/shop\/wp-json\/wp\/v2\/product\/1239","targetHints":{"allow":["GET"]}}],"collection":[{"href":"https:\/\/immersafe.sk\/shop\/wp-json\/wp\/v2\/product"}],"about":[{"href":"https:\/\/immersafe.sk\/shop\/wp-json\/wp\/v2\/types\/product"}],"wp:featuredmedia":[{"embeddable":true,"href":"https:\/\/immersafe.sk\/shop\/wp-json\/wp\/v2\/media\/1242"}],"wp:attachment":[{"href":"https:\/\/immersafe.sk\/shop\/wp-json\/wp\/v2\/media?parent=1239"}],"wp:term":[{"taxonomy":"product_brand","embeddable":true,"href":"https:\/\/immersafe.sk\/shop\/wp-json\/wp\/v2\/product_brand?post=1239"},{"taxonomy":"product_cat","embeddable":true,"href":"https:\/\/immersafe.sk\/shop\/wp-json\/wp\/v2\/product_cat?post=1239"},{"taxonomy":"product_tag","embeddable":true,"href":"https:\/\/immersafe.sk\/shop\/wp-json\/wp\/v2\/product_tag?post=1239"}],"curies":[{"name":"wp","href":"https:\/\/api.w.org\/{rel}","templated":true}]}}