{"id":1240,"date":"2020-10-15T06:50:16","date_gmt":"2020-10-15T06:50:16","guid":{"rendered":"http:\/\/immersafe.sk\/shop\/?post_type=product&#038;p=1240"},"modified":"2020-12-15T16:49:00","modified_gmt":"2020-12-15T16:49:00","slug":"tester-bankoviek-uv-5-0","status":"publish","type":"product","link":"https:\/\/immersafe.sk\/shop\/produkt\/sprava-hotovosti\/tester-bankoviek-uv-5-0\/","title":{"rendered":"Tester bankoviek UV 5.0"},"content":{"rendered":"<div id=\"box_description\" class=\"box tab\">\n<div class=\"innerbox\">\n<div class=\"resetcss\">\n<div id=\"box_description\" class=\"box tab\">\n<div class=\"innerbox\">\n<div class=\"resetcss\">\n<div id=\"box_description\" class=\"box tab\">\n<div class=\"innerbox\">\n<div class=\"resetcss\">\n<div id=\"box_description\" class=\"box tab\">\n<div class=\"innerbox\">\n<div class=\"resetcss\">\n<div id=\"box_description\" class=\"box tab\">\n<div class=\"innerbox\">\n<div class=\"resetcss\">\n<div id=\"box_description\" class=\"box tab\">\n<div class=\"innerbox\">\n<div class=\"resetcss\">\n<div id=\"box_description\" class=\"box tab\">\n<div class=\"innerbox\">\n<div class=\"resetcss\">\n<div id=\"box_description\" class=\"box tab\">\n<div class=\"innerbox\">\n<div class=\"resetcss\">\n<p>T\u00fato 4W UV lampu je mo\u017en\u00e9 perfektne pou\u017ei\u0165 na kontrolu UV zabezpe\u010denia na bankovk\u00e1ch, ob\u010dianskych preukazoch a kreditn\u00fdch kart\u00e1ch!<\/p>\n<p>Vlastnosti<br \/>\n\u2022 pohodln\u00e1 a kompaktn\u00e1 ve\u013ekos\u0165<br \/>\n\u2022 jednoduch\u00e9 pou\u017eitie<br \/>\n\u2022 prenosn\u00fd, nap\u00e1jan\u00fd z bat\u00e9rie<br \/>\n\u2022 v\u00fdkonn\u00e1 4 W UV lampa<\/p>\n<p>Technick\u00e9 d\u00e1ta<br \/>\n\u2022 rozmery: 161x56x22 (Vx\u0160xH v mm)<br \/>\n\u2022 hmotnos\u0165: 0,1 kg<br \/>\n\u2022 v\u00fdkon: 4 X BAT\u00c9RIE<br \/>\n\u2022 12-mesa\u010dn\u00e1 z\u00e1ruka (okrem \u017eiarovky)<\/p>\n<\/div>\n<\/div>\n<\/div>\n<\/div>\n<\/div>\n<\/div>\n<\/div>\n<\/div>\n<\/div>\n<\/div>\n<\/div>\n<\/div>\n<\/div>\n<\/div>\n<\/div>\n<\/div>\n<\/div>\n<\/div>\n<\/div>\n<\/div>\n<\/div>\n<\/div>\n<\/div>\n<\/div>\n","protected":false},"excerpt":{"rendered":"<p>Kontroluje bankovky r\u00fdchlo a spo\u013eahlivo<\/p>\n","protected":false},"featured_media":1241,"template":"","meta":{"_acf_changed":false},"product_brand":[],"product_cat":[115],"product_tag":[],"class_list":{"0":"post-1240","1":"product","2":"type-product","3":"status-publish","4":"has-post-thumbnail","6":"product_cat-sprava-hotovosti","8":"first","9":"instock","10":"taxable","11":"shipping-taxable","12":"purchasable","13":"product-type-simple"},"acf":[],"jetpack_sharing_enabled":true,"_links":{"self":[{"href":"https:\/\/immersafe.sk\/shop\/wp-json\/wp\/v2\/product\/1240","targetHints":{"allow":["GET"]}}],"collection":[{"href":"https:\/\/immersafe.sk\/shop\/wp-json\/wp\/v2\/product"}],"about":[{"href":"https:\/\/immersafe.sk\/shop\/wp-json\/wp\/v2\/types\/product"}],"wp:featuredmedia":[{"embeddable":true,"href":"https:\/\/immersafe.sk\/shop\/wp-json\/wp\/v2\/media\/1241"}],"wp:attachment":[{"href":"https:\/\/immersafe.sk\/shop\/wp-json\/wp\/v2\/media?parent=1240"}],"wp:term":[{"taxonomy":"product_brand","embeddable":true,"href":"https:\/\/immersafe.sk\/shop\/wp-json\/wp\/v2\/product_brand?post=1240"},{"taxonomy":"product_cat","embeddable":true,"href":"https:\/\/immersafe.sk\/shop\/wp-json\/wp\/v2\/product_cat?post=1240"},{"taxonomy":"product_tag","embeddable":true,"href":"https:\/\/immersafe.sk\/shop\/wp-json\/wp\/v2\/product_tag?post=1240"}],"curies":[{"name":"wp","href":"https:\/\/api.w.org\/{rel}","templated":true}]}}