{"id":1243,"date":"2020-10-15T06:53:42","date_gmt":"2020-10-15T06:53:42","guid":{"rendered":"http:\/\/immersafe.sk\/shop\/?post_type=product&#038;p=1243"},"modified":"2020-12-15T16:48:35","modified_gmt":"2020-12-15T16:48:35","slug":"tester-bankoviek-uv-5-2","status":"publish","type":"product","link":"https:\/\/immersafe.sk\/shop\/produkt\/sprava-hotovosti\/tester-bankoviek-uv-5-2\/","title":{"rendered":"Tester bankoviek UV 5.2"},"content":{"rendered":"<div id=\"box_description\" class=\"box tab\">\n<div class=\"innerbox\">\n<div class=\"resetcss\">\n<div id=\"box_description\" class=\"box tab\">\n<div class=\"innerbox\">\n<div class=\"resetcss\">\n<div id=\"box_description\" class=\"box tab\">\n<div class=\"innerbox\">\n<div class=\"resetcss\">\n<div id=\"box_description\" class=\"box tab\">\n<div class=\"innerbox\">\n<div class=\"resetcss\">\n<div id=\"box_description\" class=\"box tab\">\n<div class=\"innerbox\">\n<div class=\"resetcss\">\n<div id=\"box_description\" class=\"box tab\">\n<div class=\"innerbox\">\n<div class=\"resetcss\">\n<div id=\"box_description\" class=\"box tab\">\n<div class=\"innerbox\">\n<div class=\"resetcss\">\n<div id=\"box_description\" class=\"box tab\">\n<div class=\"innerbox\">\n<div class=\"resetcss\">\n<p>Ochrann\u00fd UV prvok sa pou\u017e\u00edva na takmer v\u0161etk\u00fdch bankovk\u00e1ch na celom svete a d\u00e1 sa na\u010d\u00edta\u0165 \/ zobrazi\u0165 pomocou UV lampy. V\u010faka testeru bankoviek 5.2 a v\u00fdkonnej 9W UV lampe m\u00f4\u017eete \u013eahko skontrolova\u0165 pravos\u0165 bankoviek a in\u00fdch \u00faradn\u00fdch dokladov, ako s\u00fa kreditn\u00e9 karty, vodi\u010dsk\u00e9 preukazy a pasy.<\/p>\n<p>Vlastnosti<br \/>\n\u2022 pohodln\u00e1 a kompaktn\u00e1 ve\u013ekos\u0165<br \/>\n\u2022 jednoduch\u00e9 pou\u017eitie<br \/>\n\u2022 Inteligentn\u00fd dizajn zabra\u0148uje expoz\u00edci\u00ed UV \u017eiarenia do o\u010d\u00ed<br \/>\n\u2022 v\u00fdkonn\u00e1 9 W UV lampa<\/p>\n<p>Technick\u00e9 d\u00e1ta<br \/>\n\u2022 rozmery: 180x120x76 (Vx\u0160xH v mm)<br \/>\n\u2022 hmotnos\u0165: 0,4 kg<br \/>\n\u2022 v\u00fdkon: 220-230 V<br \/>\nCE certifik\u00e1t<br \/>\n12-mesa\u010dn\u00e1 z\u00e1ruka (okrem \u017eiarovky)<\/p>\n<\/div>\n<\/div>\n<\/div>\n<\/div>\n<\/div>\n<\/div>\n<\/div>\n<\/div>\n<\/div>\n<\/div>\n<\/div>\n<\/div>\n<\/div>\n<\/div>\n<\/div>\n<\/div>\n<\/div>\n<\/div>\n<\/div>\n<\/div>\n<\/div>\n<\/div>\n<\/div>\n<\/div>\n","protected":false},"excerpt":{"rendered":"<p>Kontroluje bankovky r\u00fdchlo a spo\u013eahlivo<\/p>\n","protected":false},"featured_media":1244,"template":"","meta":{"_acf_changed":false},"product_brand":[],"product_cat":[115],"product_tag":[],"class_list":{"0":"post-1243","1":"product","2":"type-product","3":"status-publish","4":"has-post-thumbnail","6":"product_cat-sprava-hotovosti","8":"first","9":"instock","10":"taxable","11":"shipping-taxable","12":"purchasable","13":"product-type-simple"},"acf":[],"jetpack_sharing_enabled":true,"_links":{"self":[{"href":"https:\/\/immersafe.sk\/shop\/wp-json\/wp\/v2\/product\/1243","targetHints":{"allow":["GET"]}}],"collection":[{"href":"https:\/\/immersafe.sk\/shop\/wp-json\/wp\/v2\/product"}],"about":[{"href":"https:\/\/immersafe.sk\/shop\/wp-json\/wp\/v2\/types\/product"}],"wp:featuredmedia":[{"embeddable":true,"href":"https:\/\/immersafe.sk\/shop\/wp-json\/wp\/v2\/media\/1244"}],"wp:attachment":[{"href":"https:\/\/immersafe.sk\/shop\/wp-json\/wp\/v2\/media?parent=1243"}],"wp:term":[{"taxonomy":"product_brand","embeddable":true,"href":"https:\/\/immersafe.sk\/shop\/wp-json\/wp\/v2\/product_brand?post=1243"},{"taxonomy":"product_cat","embeddable":true,"href":"https:\/\/immersafe.sk\/shop\/wp-json\/wp\/v2\/product_cat?post=1243"},{"taxonomy":"product_tag","embeddable":true,"href":"https:\/\/immersafe.sk\/shop\/wp-json\/wp\/v2\/product_tag?post=1243"}],"curies":[{"name":"wp","href":"https:\/\/api.w.org\/{rel}","templated":true}]}}