{"id":1448,"date":"2021-01-05T11:57:18","date_gmt":"2021-01-05T11:57:18","guid":{"rendered":"http:\/\/immersafe.sk\/shop\/?post_type=product&#038;p=1448"},"modified":"2021-01-05T12:09:38","modified_gmt":"2021-01-05T12:09:38","slug":"prepravne-vrecko-level-0-91x183-cm","status":"publish","type":"product","link":"https:\/\/immersafe.sk\/shop\/produkt\/uzitocne\/prepravne-vrecko\/prepravne-vrecko-level-0-91x183-cm\/","title":{"rendered":"Prepravn\u00e9 vrecko &#8211; Level 0 &#8211; 91&#215;183 cm"},"content":{"rendered":"<p>Ochrann\u00fd vak s rozmermi 91&#215;183 cm, ur\u010den\u00fd na zaistenie n\u00e1kladu vo vn\u00fatri kontajnera alebo n\u00e1vesu. Je plnen\u00fd stla\u010den\u00fdm vzduchom. Vrecko je opakovate\u013ene pou\u017eite\u013en\u00e9 a dod\u00e1va sa v r\u00f4znych ve\u013ekostiach. Mo\u017enos\u0165 dok\u00fapi\u0165 si plniacu pi\u0161to\u013e. Pracovn\u00fd tlak 0,14-0,21 bar.<\/p>\n","protected":false},"excerpt":{"rendered":"<p>Odpadov\u00e9 vaky sa pou\u017e\u00edvaj\u00fa v kontajneroch, pevn\u00fdch vozidl\u00e1ch alebo na \u017eeleznici.<\/p>\n","protected":false},"featured_media":1445,"template":"","meta":{"_acf_changed":false},"product_brand":[],"product_cat":[122,38],"product_tag":[],"class_list":{"0":"post-1448","1":"product","2":"type-product","3":"status-publish","4":"has-post-thumbnail","6":"product_cat-prepravne-vrecko","7":"product_cat-uzitocne","9":"first","10":"instock","11":"taxable","12":"shipping-taxable","13":"purchasable","14":"product-type-variable"},"acf":[],"jetpack_sharing_enabled":true,"_links":{"self":[{"href":"https:\/\/immersafe.sk\/shop\/wp-json\/wp\/v2\/product\/1448","targetHints":{"allow":["GET"]}}],"collection":[{"href":"https:\/\/immersafe.sk\/shop\/wp-json\/wp\/v2\/product"}],"about":[{"href":"https:\/\/immersafe.sk\/shop\/wp-json\/wp\/v2\/types\/product"}],"wp:featuredmedia":[{"embeddable":true,"href":"https:\/\/immersafe.sk\/shop\/wp-json\/wp\/v2\/media\/1445"}],"wp:attachment":[{"href":"https:\/\/immersafe.sk\/shop\/wp-json\/wp\/v2\/media?parent=1448"}],"wp:term":[{"taxonomy":"product_brand","embeddable":true,"href":"https:\/\/immersafe.sk\/shop\/wp-json\/wp\/v2\/product_brand?post=1448"},{"taxonomy":"product_cat","embeddable":true,"href":"https:\/\/immersafe.sk\/shop\/wp-json\/wp\/v2\/product_cat?post=1448"},{"taxonomy":"product_tag","embeddable":true,"href":"https:\/\/immersafe.sk\/shop\/wp-json\/wp\/v2\/product_tag?post=1448"}],"curies":[{"name":"wp","href":"https:\/\/api.w.org\/{rel}","templated":true}]}}