{"id":1503,"date":"2021-01-27T15:55:37","date_gmt":"2021-01-27T15:55:37","guid":{"rendered":"http:\/\/immersafe.sk\/shop\/?post_type=product&#038;p=1503"},"modified":"2021-12-10T13:13:45","modified_gmt":"2021-12-10T13:13:45","slug":"strunove-vrecko-50x70-mm","status":"publish","type":"product","link":"https:\/\/immersafe.sk\/shop\/produkt\/uzitocne\/strunove-vrecko\/strunove-vrecko-50x70-mm\/","title":{"rendered":"Strunov\u00e9 vrecko 50&#215;70 mm"},"content":{"rendered":"<p>Strunov\u00e9 n\u00e1\u010dinie s\u00fa r\u00fdchle, \u010dist\u00e9 a upratan\u00e9, aby chr\u00e1nili hodnotu predmetov. Najkvalitnej\u0161ie strunov\u00e9 hadice poskytuj\u00fa nechr\u00e1nen\u00fa ochranu proti mechanick\u00e9mu po\u0161kodeniu, vystaveniu a nam\u00e1haniu. Pohodln\u00e9 zamykanie a otv\u00e1ranie v\u00e1m zaist\u00ed \u0161n\u00farka, ktor\u00e1 je jednoduch\u00e1 a skladn\u00e1.<\/p>\n<h5>Ur\u010den\u00e9 na styk s potravinami.<\/h5>\n<h5>Ve\u013ekos\u0165 50\u00d770<\/h5>\n<p>Ka\u017ed\u00e9 odvetvie, ktor\u00e9 vyu\u017e\u00edva svoje vlastn\u00e9 zdroje, dok\u00e1\u017ee uspokoji\u0165 svoje vlastn\u00e9 potreby.<\/p>\n","protected":false},"excerpt":{"rendered":"<p>Pohodln\u00e9 odde\u013eovanie a skladovanie v plastov\u00fdch vreck\u00e1ch so zipsom<\/p>\n","protected":false},"featured_media":1482,"template":"","meta":{"_acf_changed":false},"product_brand":[],"product_cat":[120,38],"product_tag":[],"class_list":{"0":"post-1503","1":"product","2":"type-product","3":"status-publish","4":"has-post-thumbnail","6":"product_cat-strunove-vrecko","7":"product_cat-uzitocne","9":"first","10":"instock","11":"taxable","12":"shipping-taxable","13":"purchasable","14":"product-type-variable"},"acf":[],"jetpack_sharing_enabled":true,"_links":{"self":[{"href":"https:\/\/immersafe.sk\/shop\/wp-json\/wp\/v2\/product\/1503","targetHints":{"allow":["GET"]}}],"collection":[{"href":"https:\/\/immersafe.sk\/shop\/wp-json\/wp\/v2\/product"}],"about":[{"href":"https:\/\/immersafe.sk\/shop\/wp-json\/wp\/v2\/types\/product"}],"wp:featuredmedia":[{"embeddable":true,"href":"https:\/\/immersafe.sk\/shop\/wp-json\/wp\/v2\/media\/1482"}],"wp:attachment":[{"href":"https:\/\/immersafe.sk\/shop\/wp-json\/wp\/v2\/media?parent=1503"}],"wp:term":[{"taxonomy":"product_brand","embeddable":true,"href":"https:\/\/immersafe.sk\/shop\/wp-json\/wp\/v2\/product_brand?post=1503"},{"taxonomy":"product_cat","embeddable":true,"href":"https:\/\/immersafe.sk\/shop\/wp-json\/wp\/v2\/product_cat?post=1503"},{"taxonomy":"product_tag","embeddable":true,"href":"https:\/\/immersafe.sk\/shop\/wp-json\/wp\/v2\/product_tag?post=1503"}],"curies":[{"name":"wp","href":"https:\/\/api.w.org\/{rel}","templated":true}]}}