{"id":155,"date":"2020-07-30T12:19:02","date_gmt":"2020-07-30T12:19:02","guid":{"rendered":"http:\/\/dshop.ehades.eu\/product\/import-placeholder-for-48\/"},"modified":"2020-12-15T17:12:12","modified_gmt":"2020-12-15T17:12:12","slug":"safe-seal","status":"publish","type":"product","link":"https:\/\/immersafe.sk\/shop\/produkt\/uzitocne\/vrecka-na-kluce\/safe-seal\/","title":{"rendered":"Safe Seal"},"content":{"rendered":"<p>Safe Seal je jednorazov\u00e1 plastov\u00e1 plomba pou\u017e\u00edvan\u00e1 na zabezpe\u010denie depozitn\u00fdch vreciek. Pe\u010datenie spo\u010d\u00edva vo vlo\u017een\u00ed Plomby do plastovej priehradky pe\u0148a\u017eenky, kde je uzamknut\u00e1 v\u010faka dvom mal\u00fdm harp\u00fanam. Odstr\u00e1nenie plomby si vy\u017eaduje jej vylomenie z komory, a preto nie je mo\u017en\u00e9 znovu vlo\u017ei\u0165 t\u00fa ist\u00fa plombu.<\/p>\n<p>Na dlh\u0161ie telo plomby je mo\u017en\u00e9 pou\u017ei\u0165 individu\u00e1lne \u010d\u00edslovanie, logo a \u010diarov\u00fd k\u00f3d. Plomby balen\u00e9 po 250 ks.<\/p>\n<p>Pou\u017eitie<br \/>\n\u2022 depozitn\u00e9 vreck\u00e1<br \/>\n\u2022 vreck\u00e1 na k\u013e\u00fa\u010de<\/p>\n","protected":false},"excerpt":{"rendered":"<p>Plomba pre depozitn\u00e9 vreck\u00e1<\/p>\n","protected":false},"featured_media":1225,"template":"","meta":{"_acf_changed":false},"product_brand":[],"product_cat":[33,77,69,72],"product_tag":[],"class_list":{"0":"post-155","1":"product","2":"type-product","3":"status-publish","4":"has-post-thumbnail","6":"product_cat-bezpecnostne-plomby","7":"product_cat-plomby-s-pevnou-dlzkou","8":"product_cat-plastove-plomby","9":"product_cat-vrecka-na-kluce","11":"first","12":"instock","13":"taxable","14":"shipping-taxable","15":"purchasable","16":"product-type-variable","17":"has-default-attributes"},"acf":[],"jetpack_sharing_enabled":true,"_links":{"self":[{"href":"https:\/\/immersafe.sk\/shop\/wp-json\/wp\/v2\/product\/155","targetHints":{"allow":["GET"]}}],"collection":[{"href":"https:\/\/immersafe.sk\/shop\/wp-json\/wp\/v2\/product"}],"about":[{"href":"https:\/\/immersafe.sk\/shop\/wp-json\/wp\/v2\/types\/product"}],"wp:featuredmedia":[{"embeddable":true,"href":"https:\/\/immersafe.sk\/shop\/wp-json\/wp\/v2\/media\/1225"}],"wp:attachment":[{"href":"https:\/\/immersafe.sk\/shop\/wp-json\/wp\/v2\/media?parent=155"}],"wp:term":[{"taxonomy":"product_brand","embeddable":true,"href":"https:\/\/immersafe.sk\/shop\/wp-json\/wp\/v2\/product_brand?post=155"},{"taxonomy":"product_cat","embeddable":true,"href":"https:\/\/immersafe.sk\/shop\/wp-json\/wp\/v2\/product_cat?post=155"},{"taxonomy":"product_tag","embeddable":true,"href":"https:\/\/immersafe.sk\/shop\/wp-json\/wp\/v2\/product_tag?post=155"}],"curies":[{"name":"wp","href":"https:\/\/api.w.org\/{rel}","templated":true}]}}