{"id":158,"date":"2020-07-30T12:19:02","date_gmt":"2020-07-30T12:19:02","guid":{"rendered":"http:\/\/dshop.ehades.eu\/product\/import-placeholder-for-62\/"},"modified":"2020-12-15T17:11:25","modified_gmt":"2020-12-15T17:11:25","slug":"ring-seal","status":"publish","type":"product","link":"https:\/\/immersafe.sk\/shop\/produkt\/bezpecnostne-plomby\/plastove-plomby\/ring-seal\/","title":{"rendered":"Ring Seal"},"content":{"rendered":"<div id=\"box_description\" class=\"box tab\">\n<div class=\"innerbox\">\n<div class=\"resetcss\">\n<p>RING SEAL je celoplastov\u00e1 plomba s pevnou d\u013a\u017ekou. Plomba sa uzavrie zatla\u010den\u00edm remienka do plombovacej komory. V\u010faka zachovaniu rovnakej d\u013a\u017eky sa plomba po\u010das prepravy nezlom\u00ed, \u010do by mohlo nasta\u0165, ak je plomba utiahnut\u00e1 pr\u00edli\u0161 pevne.<\/p>\n<p>RING SEAL obsahuje prvok, ktor\u00fd umo\u017e\u0148uje overi\u0165 spr\u00e1vnos\u0165 zamknutia plomby a \u0161peci\u00e1lne zoslabenie plombovacej p\u00e1sky, ktor\u00e9 u\u013eah\u010duje rozlomenie plomby.<\/p>\n<p>Na remienok je mo\u017en\u00e9 nanies\u0165 \u010d\u00edslovanie, \u010diarov\u00fd k\u00f3d a logo.<\/p>\n<p>Pou\u017eitie<br \/>\n\u2022 logistika<br \/>\n\u2022 preprava<br \/>\n\u2022 kuri\u00e9rske firmy<\/p>\n<\/div>\n<\/div>\n<\/div>\n","protected":false},"excerpt":{"rendered":"<p>Plastov\u00e1 plomba pou\u017e\u00edvan\u00e1 v doprave a logistike<\/p>\n","protected":false},"featured_media":557,"template":"","meta":{"_acf_changed":false},"product_brand":[],"product_cat":[33,77,69],"product_tag":[],"class_list":{"0":"post-158","1":"product","2":"type-product","3":"status-publish","4":"has-post-thumbnail","6":"product_cat-bezpecnostne-plomby","7":"product_cat-plomby-s-pevnou-dlzkou","8":"product_cat-plastove-plomby","10":"first","11":"instock","12":"featured","13":"taxable","14":"shipping-taxable","15":"purchasable","16":"product-type-variable","17":"has-default-attributes"},"acf":[],"jetpack_sharing_enabled":true,"_links":{"self":[{"href":"https:\/\/immersafe.sk\/shop\/wp-json\/wp\/v2\/product\/158","targetHints":{"allow":["GET"]}}],"collection":[{"href":"https:\/\/immersafe.sk\/shop\/wp-json\/wp\/v2\/product"}],"about":[{"href":"https:\/\/immersafe.sk\/shop\/wp-json\/wp\/v2\/types\/product"}],"wp:featuredmedia":[{"embeddable":true,"href":"https:\/\/immersafe.sk\/shop\/wp-json\/wp\/v2\/media\/557"}],"wp:attachment":[{"href":"https:\/\/immersafe.sk\/shop\/wp-json\/wp\/v2\/media?parent=158"}],"wp:term":[{"taxonomy":"product_brand","embeddable":true,"href":"https:\/\/immersafe.sk\/shop\/wp-json\/wp\/v2\/product_brand?post=158"},{"taxonomy":"product_cat","embeddable":true,"href":"https:\/\/immersafe.sk\/shop\/wp-json\/wp\/v2\/product_cat?post=158"},{"taxonomy":"product_tag","embeddable":true,"href":"https:\/\/immersafe.sk\/shop\/wp-json\/wp\/v2\/product_tag?post=158"}],"curies":[{"name":"wp","href":"https:\/\/api.w.org\/{rel}","templated":true}]}}