{"id":160,"date":"2020-07-30T12:19:03","date_gmt":"2020-07-30T12:19:03","guid":{"rendered":"http:\/\/dshop.ehades.eu\/product\/import-placeholder-for-66\/"},"modified":"2020-12-30T14:58:38","modified_gmt":"2020-12-30T14:58:38","slug":"immer-bolt","status":"publish","type":"product","link":"https:\/\/immersafe.sk\/shop\/produkt\/bezpecnostne-plomby\/prepravne-plomby\/immer-bolt\/","title":{"rendered":"Immer Bolt"},"content":{"rendered":"<p>Plomba Immer Bolt je odoln\u00e1 bari\u00e9rov\u00e1 \u200b\u200bplomba, ktor\u00e1 sa sklad\u00e1 z dvoch kovov\u00fdch prvkov pokryt\u00fdch plastom ABS. Po zaisten\u00ed plomby sa vreteno v komore neot\u00e1\u010da (ANTI SPIN). Immer Bolt pon\u00faka najvy\u0161\u0161\u00ed bezpe\u010dnostn\u00fd \u0161tandard, postupn\u00e9 \u010d\u00edslovanie, \u010diarov\u00fd k\u00f3d a logo na po\u017eiadanie. Zna\u010denie sa vykon\u00e1va laserov\u00fdm grav\u00edrovan\u00edm, \u010do je najtrvanlivej\u0161ia met\u00f3da zna\u010denia. \u010c\u00edslovanie sa aplikuje na \u010dap a aj na plomovaciu komoru.<\/p>\n<p>Immer Bolt sp\u013a\u0148a normu ISO 17712: 2013 a sp\u013a\u0148a bezpe\u010dnostn\u00e9 krit\u00e9ri\u00e1 organiz\u00e1cie C-TPAT &#8211; je to plomba vysokej bezpe\u010dnosti (H), Spr\u00e1va z testu vykonaneho laborat\u00f3riom Dayton &amp; Brown USA, v\u00fdroba zhodn\u00e1 z ISO. Pe\u010datenie sa rob\u00ed ru\u010dne.<br \/>\nOdstr\u00e1nenie plomby len za pomoci n\u00e1strojov.<\/p>\n<p>Pou\u017eitie<\/p>\n<ul>\n<li>n\u00e1morn\u00e1 doprava<\/li>\n<li>automobilov\u00fd priemysel &#8211; plombovanie kontajnerov<\/li>\n<li>n\u00e1vesy<\/li>\n<li>vag\u00f3ny&#8220;<\/li>\n<\/ul>\n","protected":false},"excerpt":{"rendered":"<p>Vyroben\u00e1 z ocele a ABS, certifikovan\u00e1 pod\u013ea ISO 17712: 2013<\/p>\n","protected":false},"featured_media":483,"template":"","meta":{"_acf_changed":false},"product_brand":[],"product_cat":[119,33,36,59],"product_tag":[],"class_list":{"0":"post-160","1":"product","2":"type-product","3":"status-publish","4":"has-post-thumbnail","6":"product_cat-feature-product","7":"product_cat-bezpecnostne-plomby","8":"product_cat-prepravne-plomby","9":"product_cat-bezpecnostne-plomby-high-security-seal-h-iso-pass-177122013","11":"first","12":"instock","13":"featured","14":"taxable","15":"shipping-taxable","16":"purchasable","17":"product-type-variable","18":"has-default-attributes"},"acf":[],"jetpack_sharing_enabled":true,"_links":{"self":[{"href":"https:\/\/immersafe.sk\/shop\/wp-json\/wp\/v2\/product\/160","targetHints":{"allow":["GET"]}}],"collection":[{"href":"https:\/\/immersafe.sk\/shop\/wp-json\/wp\/v2\/product"}],"about":[{"href":"https:\/\/immersafe.sk\/shop\/wp-json\/wp\/v2\/types\/product"}],"wp:featuredmedia":[{"embeddable":true,"href":"https:\/\/immersafe.sk\/shop\/wp-json\/wp\/v2\/media\/483"}],"wp:attachment":[{"href":"https:\/\/immersafe.sk\/shop\/wp-json\/wp\/v2\/media?parent=160"}],"wp:term":[{"taxonomy":"product_brand","embeddable":true,"href":"https:\/\/immersafe.sk\/shop\/wp-json\/wp\/v2\/product_brand?post=160"},{"taxonomy":"product_cat","embeddable":true,"href":"https:\/\/immersafe.sk\/shop\/wp-json\/wp\/v2\/product_cat?post=160"},{"taxonomy":"product_tag","embeddable":true,"href":"https:\/\/immersafe.sk\/shop\/wp-json\/wp\/v2\/product_tag?post=160"}],"curies":[{"name":"wp","href":"https:\/\/api.w.org\/{rel}","templated":true}]}}