{"id":55,"date":"2018-11-27T09:30:45","date_gmt":"2018-11-27T09:30:45","guid":{"rendered":"http:\/\/demo.accesspressthemes.com\/store-mart-lite\/?post_type=product&#038;p=55"},"modified":"2024-09-06T11:53:01","modified_gmt":"2024-09-06T11:53:01","slug":"letiskova-taska-duty-free","status":"publish","type":"product","link":"https:\/\/immersafe.sk\/shop\/produkt\/bezpecnostne-obalky\/letiskova-taska-duty-free\/","title":{"rendered":"Letiskov\u00e1 ta\u0161ka &#8211; DUTY FREE"},"content":{"rendered":"<p>Ta\u0161ka STEB certifikovan\u00e1 Medzin\u00e1rodnou organiz\u00e1ciou civiln\u00e9ho letectva (ICAO) pou\u017e\u00edvan\u00e1 na letisk\u00e1ch na prepravu n\u00e1kupov z bezcolnej z\u00f3ny. M\u00e1 viac\u00farov\u0148ov\u00fa bezpe\u010dnostn\u00fa funkciu, ktor\u00e1 odha\u013euje stopy ak\u00fdchko\u013evek pokusov o neopr\u00e1vnen\u00fa manipul\u00e1ciu (vysok\u00e1 a n\u00edzka teplota, rozp\u00fa\u0161\u0165adl\u00e1, prerezanie).<\/p>\n<p>Vlastnosti:<br \/>\n\u2022 ur\u010den\u00e9 na zabezpe\u010denie tekut\u00edn, aeros\u00f3lov a g\u00e9lov (LGD) vr\u00e1tane alkoholu a kozmetiky zak\u00fapenej na letisk\u00e1ch<br \/>\n\u2022 ur\u00fdch\u013euje proces kontroly na letisk\u00e1ch<br \/>\n\u2022 najvy\u0161\u0161\u00ed \u0161tandard zabezpe\u010denia<br \/>\n\u2022 Vyroben\u00e9 z ekologick\u00e9ho materi\u00e1lu, ktor\u00fd je 100% recyklovate\u013en\u00fd<br \/>\n\u2022 volite\u013en\u00e9 dodato\u010dn\u00e9 vrecko na dokumenty<br \/>\n\u2022 postupn\u00e9 \u010d\u00edslovanie a \u010diarov\u00e9 k\u00f3dy<br \/>\n\u2022 pohodln\u00fd pevn\u00fd otvor na dr\u017eanie<br \/>\n\u2022 bo\u010dn\u00fd a spodn\u00fd zvar 15 mm<\/p>\n<p>Pou\u017eitie:<br \/>\n\u2022 Duty Free obchody<br \/>\n\u2022 predajcovia na letisk\u00e1ch<br \/>\n\u2022 leteck\u00e1 doprava<\/p>\n","protected":false},"excerpt":{"rendered":"<p>Ta\u0161ka STEB zhoduj\u00faca sa z IATA<\/p>\n","protected":false},"featured_media":1215,"template":"","meta":{"_acf_changed":false},"product_brand":[],"product_cat":[23],"product_tag":[],"class_list":{"0":"post-55","1":"product","2":"type-product","3":"status-publish","4":"has-post-thumbnail","6":"product_cat-bezpecnostne-obalky","8":"first","9":"onbackorder","10":"taxable","11":"shipping-taxable","12":"product-type-simple"},"acf":[],"jetpack_sharing_enabled":true,"_links":{"self":[{"href":"https:\/\/immersafe.sk\/shop\/wp-json\/wp\/v2\/product\/55","targetHints":{"allow":["GET"]}}],"collection":[{"href":"https:\/\/immersafe.sk\/shop\/wp-json\/wp\/v2\/product"}],"about":[{"href":"https:\/\/immersafe.sk\/shop\/wp-json\/wp\/v2\/types\/product"}],"wp:featuredmedia":[{"embeddable":true,"href":"https:\/\/immersafe.sk\/shop\/wp-json\/wp\/v2\/media\/1215"}],"wp:attachment":[{"href":"https:\/\/immersafe.sk\/shop\/wp-json\/wp\/v2\/media?parent=55"}],"wp:term":[{"taxonomy":"product_brand","embeddable":true,"href":"https:\/\/immersafe.sk\/shop\/wp-json\/wp\/v2\/product_brand?post=55"},{"taxonomy":"product_cat","embeddable":true,"href":"https:\/\/immersafe.sk\/shop\/wp-json\/wp\/v2\/product_cat?post=55"},{"taxonomy":"product_tag","embeddable":true,"href":"https:\/\/immersafe.sk\/shop\/wp-json\/wp\/v2\/product_tag?post=55"}],"curies":[{"name":"wp","href":"https:\/\/api.w.org\/{rel}","templated":true}]}}