{"id":57,"date":"2018-11-27T09:32:50","date_gmt":"2018-11-27T09:32:50","guid":{"rendered":"http:\/\/demo.accesspressthemes.com\/store-mart-lite\/?post_type=product&#038;p=57"},"modified":"2020-12-30T15:07:40","modified_gmt":"2020-12-30T15:07:40","slug":"pistol-na-prepravne-vaky","status":"publish","type":"product","link":"https:\/\/immersafe.sk\/shop\/produkt\/uzitocne\/prepravne-vrecko\/pistol-na-prepravne-vaky\/","title":{"rendered":"Pi\u0161to\u013e na prepravn\u00e9 vaky"},"content":{"rendered":"<div id=\"box_description\" class=\"box tab\">\n<div class=\"innerbox\">\n<div class=\"resetcss\">\n<p>Kompresorov\u00e1 d\u00fdza ur\u010den\u00e1 na plnenie vzduchu do vakov na prepravu.<\/p>\n<\/div>\n<\/div>\n<\/div>\n","protected":false},"excerpt":{"rendered":"<p>Kompresorov\u00e1 d\u00fdza ur\u010den\u00e1 na plnenie vzduchu do vakov na prepravu.<\/p>\n","protected":false},"featured_media":1224,"template":"","meta":{"_acf_changed":false},"product_brand":[],"product_cat":[122,38],"product_tag":[],"class_list":{"0":"post-57","1":"product","2":"type-product","3":"status-publish","4":"has-post-thumbnail","6":"product_cat-prepravne-vrecko","7":"product_cat-uzitocne","9":"first","10":"instock","11":"taxable","12":"shipping-taxable","13":"purchasable","14":"product-type-variable","15":"has-default-attributes"},"acf":[],"jetpack_sharing_enabled":true,"_links":{"self":[{"href":"https:\/\/immersafe.sk\/shop\/wp-json\/wp\/v2\/product\/57","targetHints":{"allow":["GET"]}}],"collection":[{"href":"https:\/\/immersafe.sk\/shop\/wp-json\/wp\/v2\/product"}],"about":[{"href":"https:\/\/immersafe.sk\/shop\/wp-json\/wp\/v2\/types\/product"}],"wp:featuredmedia":[{"embeddable":true,"href":"https:\/\/immersafe.sk\/shop\/wp-json\/wp\/v2\/media\/1224"}],"wp:attachment":[{"href":"https:\/\/immersafe.sk\/shop\/wp-json\/wp\/v2\/media?parent=57"}],"wp:term":[{"taxonomy":"product_brand","embeddable":true,"href":"https:\/\/immersafe.sk\/shop\/wp-json\/wp\/v2\/product_brand?post=57"},{"taxonomy":"product_cat","embeddable":true,"href":"https:\/\/immersafe.sk\/shop\/wp-json\/wp\/v2\/product_cat?post=57"},{"taxonomy":"product_tag","embeddable":true,"href":"https:\/\/immersafe.sk\/shop\/wp-json\/wp\/v2\/product_tag?post=57"}],"curies":[{"name":"wp","href":"https:\/\/api.w.org\/{rel}","templated":true}]}}