{"id":606,"date":"2020-09-01T15:26:56","date_gmt":"2020-09-01T15:26:56","guid":{"rendered":"http:\/\/immersafe.sk\/shop\/?post_type=product&#038;p=606"},"modified":"2020-12-30T12:16:34","modified_gmt":"2020-12-30T12:16:34","slug":"plombujuci-stitok-100x20-mm-zlta","status":"publish","type":"product","link":"https:\/\/immersafe.sk\/shop\/produkt\/bezpecnostne-plomby\/stitky-a-pasky-void\/plombujuci-stitok-100x20-mm-zlta\/","title":{"rendered":"Plombuj\u00faci \u0161t\u00edtok 100&#215;20 mm &#8211; \u017elt\u00e1"},"content":{"rendered":"<div id=\"box_description\" class=\"box tab\">\n<div class=\"innerbox\">\n<div class=\"resetcss\">\n<div id=\"box_description\" class=\"box tab\">\n<div class=\"innerbox\">\n<div class=\"resetcss\">\n<div id=\"box_description\" class=\"box tab\">\n<div class=\"innerbox\">\n<div class=\"resetcss\">\n<div id=\"box_description\" class=\"box tab\">\n<div class=\"innerbox\">\n<div class=\"resetcss\">\n<div id=\"box_description\" class=\"box tab\">\n<div class=\"innerbox\">\n<div class=\"resetcss\">\n<div id=\"box_description\" class=\"box tab\">\n<div class=\"innerbox\">\n<div class=\"resetcss\">\n<div id=\"box_description\" class=\"box tab\">\n<div class=\"innerbox\">\n<div class=\"resetcss\">\n<div id=\"box_description\" class=\"box tab\">\n<div class=\"innerbox\">\n<div class=\"resetcss\">\n<div id=\"box_description\" class=\"box tab\">\n<div class=\"innerbox\">\n<div class=\"resetcss\">\n<div id=\"box_description\" class=\"box tab\">\n<div class=\"innerbox\">\n<div class=\"resetcss\">\n<div id=\"box_description\" class=\"box tab\">\n<div class=\"innerbox\">\n<div class=\"resetcss\">\n<div id=\"box_description\" class=\"box tab\">\n<div class=\"innerbox\">\n<div class=\"resetcss\">\n<div id=\"box_description\" class=\"box tab\">\n<div class=\"innerbox\">\n<div class=\"resetcss\">\n<div id=\"box_description\" class=\"box tab\">\n<div class=\"innerbox\">\n<div class=\"resetcss\">\n<div id=\"box_description\" class=\"box tab\">\n<div class=\"innerbox\">\n<div class=\"resetcss\">\n<div id=\"box_description\" class=\"box tab\">\n<div class=\"innerbox\">\n<div class=\"resetcss\">\n<div id=\"box_description\" class=\"box tab\">\n<div class=\"innerbox\">\n<div class=\"resetcss\">\n<p>Plombovacie etikety s\u00fa vyroben\u00e9 z polyesteru a \u0161peci\u00e1lneho lepidla, ktor\u00e9 sa aktivuje pri odtrhnut\u00ed a odhalia varovn\u00e9 upozornenia, ktor\u00e9 boli predt\u00fdm nevidite\u013en\u00e9 (napr. FRAUD, VOID, OPEN, STOP)<\/p>\n<p>Kv\u00f4li zv\u00fd\u0161eniu \u00farovne bezpe\u010dnosti navrhujeme, aby ste na \u0161t\u00edtok umiestnili \u010diarov\u00fd k\u00f3d a \u010d\u00edslovanie. \u010c\u00edslovanie je postupnos\u0165 znakov, v\u010faka ktorej je ka\u017ed\u00e1 pe\u010da\u0165 jedine\u010dn\u00e1. V syst\u00e9me s\u00fa ulo\u017een\u00e9 samostatn\u00e9 rozsahy \u010d\u00edslovania priraden\u00e9 ka\u017ed\u00e9mu klientovi, \u010do umo\u017e\u0148uje efekt\u00edvne overenie spr\u00e1vnosti zabezpe\u010denia<\/p>\n<p>Lepidlo v tomto variante zanech\u00e1va stopy na zape\u010datenom povrchu a n\u00e1pis je vidite\u013en\u00fd tak na strhnutej pe\u010dati, ako aj na zape\u010datenom mieste. Tieto \u0161t\u00edtky sa pou\u017e\u00edvaj\u00fa na prvkoch, ktor\u00e9 nie s\u00fa \u0161tandardne zabezpe\u010den\u00e9, a chceme si by\u0165 ist\u00ed, \u017ee tento konkr\u00e9tny prvok bol neporu\u0161en\u00fd, napr\u00edklad:<\/p>\n<ul>\n<li>bal\u00ed\u010dky<\/li>\n<li>palety<\/li>\n<li>meracie zariadenie<\/li>\n<li>zabezpe\u010denie d\u00f4kazov v s\u00fadnom lek\u00e1rstve<\/li>\n<li>ob\u00e1lky s dokumentmi<\/li>\n<li>nosi\u010de inform\u00e1ci\u00edlieky<\/li>\n<li>alkohol<\/li>\n<\/ul>\n<p>TECHNISCHE GEGEVENS<\/p>\n<\/div>\n<\/div>\n<\/div>\n<div id=\"box_productdata\" class=\"box tab\">\n<div class=\"innerbox tab-content product-attributes zebra\">\n<table class=\"table\">\n<tbody>\n<tr class=\"r--l-flex r--l-flex-wrap\">\n<td class=\"name r--l-box-5 r--l-md-box-10 r--l-xs-box-10\">farba<\/td>\n<td class=\"value r--l-box-5 r--l-md-box-10 r--l-xs-box-10\">\u017elt\u00e1<\/td>\n<\/tr>\n<tr class=\"r--l-flex r--l-flex-wrap\">\n<td class=\"name r--l-box-5 r--l-md-box-10 r--l-xs-box-10\">d\u013a\u017eka<\/td>\n<td class=\"value r--l-box-5 r--l-md-box-10 r--l-xs-box-10\">100 mm<\/td>\n<\/tr>\n<tr class=\"r--l-flex r--l-flex-wrap\">\n<td class=\"name r--l-box-5 r--l-md-box-10 r--l-xs-box-10\">\u0161\u00edrka<\/td>\n<td class=\"value r--l-box-5 r--l-md-box-10 r--l-xs-box-10\">20 mm<\/td>\n<\/tr>\n<\/tbody>\n<\/table>\n<\/div>\n<\/div>\n<\/div>\n<\/div>\n<\/div>\n<\/div>\n<\/div>\n<\/div>\n<\/div>\n<div class=\"box tab\">\n<p>&nbsp;<\/p>\n<p>D\u00d4LE\u017dIT\u00c9!<br \/>\nPodklad, na ktor\u00fd chcete \u0161t\u00edtok nalepi\u0165, by sa mal pred nalepen\u00edm pe\u010date vy\u010disti\u0165 a odmasti\u0165. Lepidlo je \u00faplne vytvrdnut\u00e9 asi do 2 min\u00fat od nalepenia.<\/p>\n<\/div>\n<\/div>\n<\/div>\n<\/div>\n<\/div>\n<\/div>\n<\/div>\n<\/div>\n<\/div>\n<\/div>\n<\/div>\n<\/div>\n<\/div>\n<\/div>\n<\/div>\n<div id=\"box_productdata\" class=\"box tab\"><\/div>\n<\/div>\n<\/div>\n<\/div>\n<\/div>\n<\/div>\n<\/div>\n<\/div>\n<\/div>\n<\/div>\n<\/div>\n<\/div>\n<\/div>\n<\/div>\n<\/div>\n<\/div>\n<\/div>\n<\/div>\n<\/div>\n<div id=\"box_productdata\" class=\"box tab\"><\/div>\n<\/div>\n<\/div>\n<\/div>\n<\/div>\n<\/div>\n<\/div>\n<\/div>\n<\/div>\n<\/div>\n","protected":false},"excerpt":{"rendered":"<p><strong>\u0160t\u00edtok VOID nezna\u010dkuj\u00faci podklad<\/strong><\/p>\n<p>Zabezpe\u010denie lietadiel a automobilov, prepravn\u00fd alebo z\u00e1ru\u010dn\u00fd \u0161t\u00edtok<\/p>\n","protected":false},"featured_media":1333,"template":"","meta":{"_acf_changed":false},"product_brand":[],"product_cat":[33,20],"product_tag":[],"class_list":{"0":"post-606","1":"product","2":"type-product","3":"status-publish","4":"has-post-thumbnail","6":"product_cat-bezpecnostne-plomby","7":"product_cat-stitky-a-pasky-void","9":"first","10":"instock","11":"taxable","12":"shipping-taxable","13":"purchasable","14":"product-type-variable","15":"has-default-attributes"},"acf":[],"jetpack_sharing_enabled":true,"_links":{"self":[{"href":"https:\/\/immersafe.sk\/shop\/wp-json\/wp\/v2\/product\/606","targetHints":{"allow":["GET"]}}],"collection":[{"href":"https:\/\/immersafe.sk\/shop\/wp-json\/wp\/v2\/product"}],"about":[{"href":"https:\/\/immersafe.sk\/shop\/wp-json\/wp\/v2\/types\/product"}],"wp:featuredmedia":[{"embeddable":true,"href":"https:\/\/immersafe.sk\/shop\/wp-json\/wp\/v2\/media\/1333"}],"wp:attachment":[{"href":"https:\/\/immersafe.sk\/shop\/wp-json\/wp\/v2\/media?parent=606"}],"wp:term":[{"taxonomy":"product_brand","embeddable":true,"href":"https:\/\/immersafe.sk\/shop\/wp-json\/wp\/v2\/product_brand?post=606"},{"taxonomy":"product_cat","embeddable":true,"href":"https:\/\/immersafe.sk\/shop\/wp-json\/wp\/v2\/product_cat?post=606"},{"taxonomy":"product_tag","embeddable":true,"href":"https:\/\/immersafe.sk\/shop\/wp-json\/wp\/v2\/product_tag?post=606"}],"curies":[{"name":"wp","href":"https:\/\/api.w.org\/{rel}","templated":true}]}}