{"id":610,"date":"2020-09-01T15:36:10","date_gmt":"2020-09-01T15:36:10","guid":{"rendered":"http:\/\/immersafe.sk\/shop\/?post_type=product&#038;p=610"},"modified":"2020-12-11T16:40:34","modified_gmt":"2020-12-11T16:40:34","slug":"sleuteltas-210x130-mm","status":"publish","type":"product","link":"https:\/\/immersafe.sk\/shop\/produkt\/uzitocne\/vrecka-na-kluce\/sleuteltas-210x130-mm\/","title":{"rendered":"Plombovacie vrecko na k\u013e\u00fa\u010de 210&#215;130"},"content":{"rendered":"<div id=\"box_description\" class=\"box tab\">\n<div class=\"innerbox\">\n<div class=\"resetcss\">\n<div id=\"box_description\" class=\"box tab\">\n<div class=\"innerbox\">\n<div class=\"resetcss\">\n<div id=\"box_description\" class=\"box tab\">\n<div class=\"innerbox\">\n<div class=\"resetcss\">\n<div id=\"box_description\" class=\"box tab\">\n<div class=\"innerbox\">\n<div class=\"resetcss\">\n<div id=\"box_description\" class=\"box tab\">\n<div class=\"innerbox\">\n<div class=\"resetcss\">\n<div id=\"box_description\" class=\"box tab\">\n<div class=\"innerbox\">\n<div class=\"resetcss\">\n<div id=\"box_description\" class=\"box tab\">\n<div class=\"innerbox\">\n<div class=\"resetcss\">\n<div id=\"box_description\" class=\"box tab\">\n<div class=\"innerbox\">\n<div class=\"resetcss\">\n<p>Plombovacie vrecko je vyroben\u00e9 z ve\u013emi odoln\u00e9ho materi\u00e1lu Cordura. Je zabezpe\u010den\u00e9 pre\u0161\u00edt\u00edm pomocou viacfarebnej nite, ktor\u00e1 u\u013eah\u010duje identifik\u00e1ciu neopr\u00e1vnenej manipul\u00e1cie. Plombovacia komora je chr\u00e1nen\u00e1 patentov\u00fdmi pr\u00e1vami. Z vn\u00fatornej strany za\u0161it\u00e9 okienko, poskytuje mo\u017enos\u0165 bezpe\u010dne umiestni\u0165 \u00fadaje o osobe ktor\u00e1 je opr\u00e1vnen\u00e1 na otvorenie vrecka.<\/p>\n<p>Komora je zape\u010daten\u00e1 jednorazovou o\u010d\u00edslovanou plombou. Umiestnenie a odstr\u00e1nenie plomby sa vykon\u00e1va bez pou\u017eitia n\u00e1strojov.<\/p>\n<p>\u0160peci\u00e1lna plomba zais\u0165uj\u00faca vrecko, je plomba Safe Seal.<\/p>\n<\/div>\n<\/div>\n<\/div>\n<div id=\"box_productdata\" class=\"box tab\"><\/div>\n<\/div>\n<\/div>\n<\/div>\n<\/div>\n<\/div>\n<\/div>\n<\/div>\n<\/div>\n<\/div>\n<\/div>\n<\/div>\n<\/div>\n<\/div>\n<\/div>\n<\/div>\n<\/div>\n<\/div>\n<\/div>\n<\/div>\n<\/div>\n<\/div>\n","protected":false},"excerpt":{"rendered":"<p>Vrecko na ulo\u017eenie k\u013e\u00fa\u010dov, magnetick\u00fdch kariet a hotovosti.<\/p>\n","protected":false},"featured_media":494,"template":"","meta":{"_acf_changed":false},"product_brand":[],"product_cat":[72],"product_tag":[],"class_list":{"0":"post-610","1":"product","2":"type-product","3":"status-publish","4":"has-post-thumbnail","6":"product_cat-vrecka-na-kluce","8":"first","9":"instock","10":"taxable","11":"shipping-taxable","12":"purchasable","13":"product-type-simple"},"acf":[],"jetpack_sharing_enabled":true,"_links":{"self":[{"href":"https:\/\/immersafe.sk\/shop\/wp-json\/wp\/v2\/product\/610","targetHints":{"allow":["GET"]}}],"collection":[{"href":"https:\/\/immersafe.sk\/shop\/wp-json\/wp\/v2\/product"}],"about":[{"href":"https:\/\/immersafe.sk\/shop\/wp-json\/wp\/v2\/types\/product"}],"wp:featuredmedia":[{"embeddable":true,"href":"https:\/\/immersafe.sk\/shop\/wp-json\/wp\/v2\/media\/494"}],"wp:attachment":[{"href":"https:\/\/immersafe.sk\/shop\/wp-json\/wp\/v2\/media?parent=610"}],"wp:term":[{"taxonomy":"product_brand","embeddable":true,"href":"https:\/\/immersafe.sk\/shop\/wp-json\/wp\/v2\/product_brand?post=610"},{"taxonomy":"product_cat","embeddable":true,"href":"https:\/\/immersafe.sk\/shop\/wp-json\/wp\/v2\/product_cat?post=610"},{"taxonomy":"product_tag","embeddable":true,"href":"https:\/\/immersafe.sk\/shop\/wp-json\/wp\/v2\/product_tag?post=610"}],"curies":[{"name":"wp","href":"https:\/\/api.w.org\/{rel}","templated":true}]}}