{"id":614,"date":"2020-09-01T15:40:05","date_gmt":"2020-09-01T15:40:05","guid":{"rendered":"http:\/\/immersafe.sk\/shop\/?post_type=product&#038;p=614"},"modified":"2020-12-11T16:41:38","modified_gmt":"2020-12-11T16:41:38","slug":"tester-bankoviek-uv-5-4","status":"publish","type":"product","link":"https:\/\/immersafe.sk\/shop\/produkt\/sprava-hotovosti\/tester-bankoviek-uv-5-4\/","title":{"rendered":"Tester bankoviek UV 5.4"},"content":{"rendered":"<div id=\"box_description\" class=\"box tab\">\n<div class=\"innerbox\">\n<div class=\"resetcss\">\n<div id=\"box_description\" class=\"box tab\">\n<div class=\"innerbox\">\n<div class=\"resetcss\">\n<div id=\"box_description\" class=\"box tab\">\n<div class=\"innerbox\">\n<div class=\"resetcss\">\n<div id=\"box_description\" class=\"box tab\">\n<div class=\"innerbox\">\n<div class=\"resetcss\">\n<div id=\"box_description\" class=\"box tab\">\n<div class=\"innerbox\">\n<div class=\"resetcss\">\n<div id=\"box_description\" class=\"box tab\">\n<div class=\"innerbox\">\n<div class=\"resetcss\">\n<div id=\"box_description\" class=\"box tab\">\n<div class=\"innerbox\">\n<div class=\"resetcss\">\n<div id=\"box_description\" class=\"box tab\">\n<div class=\"innerbox\">\n<div class=\"resetcss\">\n<p>Tester bankoviek UV 5.4 dok\u00e1\u017ee skontrolova\u0165 bankovky a \u010fal\u0161ie \u00faradn\u00e9 dokumenty (napr\u00edklad vstupn\u00e9 karty, ob\u010dianske preukazy at\u010f.). Preto\u017ee sa UV ochrana pou\u017e\u00edva takmer na v\u0161etk\u00fdch bankovk\u00e1ch na celom svete, je mo\u017en\u00e9 t\u00fato v\u00fdkonn\u00fa UV lampu pou\u017ei\u0165 kdeko\u013evek!<\/p>\n<p>Vlastnosti<br \/>\n\u2022 jednoduch\u00e9 pou\u017eitie<br \/>\n\u2022 Inteligentn\u00fd dizajn zabra\u0148uje expoz\u00edci\u00ed UV \u017eiarenia do o\u010d\u00ed<br \/>\n\u2022 2x v\u00fdkonn\u00e9 6W UV \u017eiarovky pre optim\u00e1lne pou\u017eitie aj za denn\u00e9ho svetla<br \/>\nmagnetick\u00e1 detekcia pomocou optick\u00e9ho a akustick\u00e9ho sign\u00e1lu<\/p>\n<p>Technick\u00e9 d\u00e1ta<br \/>\n\u2022 rozmery: 256x135x149 (Vx\u0160xH v mm)<br \/>\n\u2022 hmotnos\u0165: 1,2 kg<br \/>\n\u2022 v\u00fdkon: 220-230 V<br \/>\n\u2022 sign\u00e1l: optick\u00fd a akustick\u00fd (magnetick\u00fd)<br \/>\n\u2022 CE certifik\u00e1t<br \/>\n\u2022 12-mesa\u010dn\u00e1 z\u00e1ruka (okrem \u017eiarovky)<\/p>\n<\/div>\n<\/div>\n<\/div>\n<\/div>\n<\/div>\n<\/div>\n<\/div>\n<\/div>\n<\/div>\n<\/div>\n<\/div>\n<\/div>\n<\/div>\n<\/div>\n<\/div>\n<\/div>\n<\/div>\n<\/div>\n<\/div>\n<\/div>\n<\/div>\n<\/div>\n<\/div>\n<\/div>\n","protected":false},"excerpt":{"rendered":"<p>R\u00fdchla a spo\u013eahliv\u00e1 kontrola bankoviek<\/p>\n","protected":false},"featured_media":1236,"template":"","meta":{"_acf_changed":false},"product_brand":[],"product_cat":[115],"product_tag":[],"class_list":{"0":"post-614","1":"product","2":"type-product","3":"status-publish","4":"has-post-thumbnail","6":"product_cat-sprava-hotovosti","8":"first","9":"instock","10":"taxable","11":"shipping-taxable","12":"purchasable","13":"product-type-simple"},"acf":[],"jetpack_sharing_enabled":true,"_links":{"self":[{"href":"https:\/\/immersafe.sk\/shop\/wp-json\/wp\/v2\/product\/614","targetHints":{"allow":["GET"]}}],"collection":[{"href":"https:\/\/immersafe.sk\/shop\/wp-json\/wp\/v2\/product"}],"about":[{"href":"https:\/\/immersafe.sk\/shop\/wp-json\/wp\/v2\/types\/product"}],"wp:featuredmedia":[{"embeddable":true,"href":"https:\/\/immersafe.sk\/shop\/wp-json\/wp\/v2\/media\/1236"}],"wp:attachment":[{"href":"https:\/\/immersafe.sk\/shop\/wp-json\/wp\/v2\/media?parent=614"}],"wp:term":[{"taxonomy":"product_brand","embeddable":true,"href":"https:\/\/immersafe.sk\/shop\/wp-json\/wp\/v2\/product_brand?post=614"},{"taxonomy":"product_cat","embeddable":true,"href":"https:\/\/immersafe.sk\/shop\/wp-json\/wp\/v2\/product_cat?post=614"},{"taxonomy":"product_tag","embeddable":true,"href":"https:\/\/immersafe.sk\/shop\/wp-json\/wp\/v2\/product_tag?post=614"}],"curies":[{"name":"wp","href":"https:\/\/api.w.org\/{rel}","templated":true}]}}