{"id":714,"date":"2020-09-14T15:49:54","date_gmt":"2020-09-14T15:49:54","guid":{"rendered":"http:\/\/immersafe.sk\/shop\/?post_type=product&#038;p=714"},"modified":"2020-12-11T16:43:06","modified_gmt":"2020-12-11T16:43:06","slug":"bezpecne-vrecko-jumbo-priehladne","status":"publish","type":"product","link":"https:\/\/immersafe.sk\/shop\/produkt\/bezpecnostne-obalky\/bezpecne-vrecko-jumbo-priehladne\/","title":{"rendered":"Bezpe\u010dn\u00e9 vrecko JUMBO &#8211; prieh\u013eadn\u00e9"},"content":{"rendered":"<div id=\"box_description\" class=\"box tab\">\n<div class=\"innerbox\">\n<div class=\"resetcss\">\n<div class=\"container-fluid content-wrapper layout-product\">\n<div class=\"row\">\n<div class=\"container\">\n<div class=\"row\">\n<div class=\"single-product-content\">\n<div class=\"col-xs-12\">\n<div class=\"product-tabs\">\n<div class=\"tab-content\">\n<div id=\"user_opis\" class=\"tab-pane in active\">\n<div class=\"product-description-long\">\n<div id=\"box_description\" class=\"box tab\">\n<div class=\"innerbox\">\n<div class=\"resetcss\">\n<div id=\"box_description\" class=\"box tab\">\n<div class=\"innerbox\">\n<div class=\"resetcss\">\n<div id=\"box_description\" class=\"box tab\">\n<div class=\"innerbox\">\n<div class=\"resetcss\">\n<p>\u0160peci\u00e1lne navrhnut\u00e1 bezpe\u010dnostn\u00e1 ta\u0161ka s nosnos\u0165ou 15 kg m\u00e1 rukov\u00e4\u0165 na pohodln\u00e9 pren\u00e1\u0161anie. P\u00e1ska m\u00e1, tepeln\u00fd a chemick\u00fd indik\u00e1tor, individu\u00e1lne \u010d\u00edslovanie vytla\u010den\u00e9 na ob\u00e1lke a na kontrolnej \u010dasti. Prieh\u013eadn\u00e1 120 \u00b5m f\u00f3lia sa vyzna\u010duje vysokou pevnos\u0165ou proti roztrhnutiu a umo\u017e\u0148uje kontrolova\u0165 obsah bez toho, aby sa vak po\u0161kodil. Boky s\u00fa chr\u00e1nen\u00e9 mikrotla\u010dou, aby sa nedali odreza\u0165 a znovu zv\u00e1ra\u0165.<\/p>\n<p>Pou\u017e\u00edvame iba jedine\u010dn\u00e9 \u010d\u00edslovanie ob\u00e1lok.<\/p>\n<p>Pou\u017eitie<\/p>\n<p>\u2022 preprava minc\u00ed<br \/>\n\u2022 skladovanie hmotn\u00fdch d\u00f4kazov<br \/>\n\u2022 nosenie s\u00fadnych spisov<br \/>\n\u2022 archiv\u00e1cia dokumentov<br \/>\n\u2022 skladovanie uhl\u00edkov\u00fdch vzoriek<br \/>\n\u2022 preprava plynomerov zaslan\u00e1 do meracieho laborat\u00f3ria<br \/>\n\u2022 preprava mera\u010dov energie<\/p>\n<\/div>\n<\/div>\n<\/div>\n<\/div>\n<\/div>\n<\/div>\n<\/div>\n<\/div>\n<\/div>\n<\/div>\n<\/div>\n<\/div>\n<\/div>\n<\/div>\n<\/div>\n<\/div>\n<\/div>\n<\/div>\n<\/div>\n<\/div>\n<\/div>\n<\/div>\n","protected":false},"excerpt":{"rendered":"<p>395&#215;470 mm s \u00fachytom 80 mm<\/p>\n","protected":false},"featured_media":715,"template":"","meta":{"_acf_changed":false},"product_brand":[],"product_cat":[23],"product_tag":[],"class_list":{"0":"post-714","1":"product","2":"type-product","3":"status-publish","4":"has-post-thumbnail","6":"product_cat-bezpecnostne-obalky","8":"first","9":"instock","10":"taxable","11":"shipping-taxable","12":"purchasable","13":"product-type-variable","14":"has-default-attributes"},"acf":[],"jetpack_sharing_enabled":true,"_links":{"self":[{"href":"https:\/\/immersafe.sk\/shop\/wp-json\/wp\/v2\/product\/714","targetHints":{"allow":["GET"]}}],"collection":[{"href":"https:\/\/immersafe.sk\/shop\/wp-json\/wp\/v2\/product"}],"about":[{"href":"https:\/\/immersafe.sk\/shop\/wp-json\/wp\/v2\/types\/product"}],"wp:featuredmedia":[{"embeddable":true,"href":"https:\/\/immersafe.sk\/shop\/wp-json\/wp\/v2\/media\/715"}],"wp:attachment":[{"href":"https:\/\/immersafe.sk\/shop\/wp-json\/wp\/v2\/media?parent=714"}],"wp:term":[{"taxonomy":"product_brand","embeddable":true,"href":"https:\/\/immersafe.sk\/shop\/wp-json\/wp\/v2\/product_brand?post=714"},{"taxonomy":"product_cat","embeddable":true,"href":"https:\/\/immersafe.sk\/shop\/wp-json\/wp\/v2\/product_cat?post=714"},{"taxonomy":"product_tag","embeddable":true,"href":"https:\/\/immersafe.sk\/shop\/wp-json\/wp\/v2\/product_tag?post=714"}],"curies":[{"name":"wp","href":"https:\/\/api.w.org\/{rel}","templated":true}]}}