{"id":725,"date":"2020-09-14T16:09:00","date_gmt":"2020-09-14T16:09:00","guid":{"rendered":"http:\/\/immersafe.sk\/shop\/?post_type=product&#038;p=725"},"modified":"2020-12-14T14:22:54","modified_gmt":"2020-12-14T14:22:54","slug":"medicinska-obalka-na-vzorky","status":"publish","type":"product","link":"https:\/\/immersafe.sk\/shop\/produkt\/bezpecnostne-obalky\/medicinska-obalka-na-vzorky\/","title":{"rendered":"Medic\u00ednska ob\u00e1lka na vzorky 110&#215;135"},"content":{"rendered":"<div id=\"box_description\" class=\"box tab\">\n<div class=\"innerbox\">\n<div class=\"resetcss\">\n<div class=\"container-fluid content-wrapper layout-product\">\n<div class=\"row\">\n<div class=\"container\">\n<div class=\"row\">\n<div class=\"single-product-content\">\n<div class=\"col-xs-12\">\n<div class=\"product-tabs\">\n<div class=\"tab-content\">\n<div id=\"user_opis\" class=\"tab-pane in active\">\n<div class=\"product-description-long\">\n<div id=\"box_description\" class=\"box tab\">\n<div class=\"innerbox\">\n<div class=\"resetcss\">\n<div id=\"box_description\" class=\"box tab\">\n<div class=\"innerbox\">\n<div class=\"resetcss\">\n<div id=\"box_description\" class=\"box tab\">\n<div class=\"innerbox\">\n<div class=\"resetcss\">\n<p>Steriln\u00e1 ob\u00e1lka, v ktorej je obsah chr\u00e1nen\u00fd v\u010faka nieko\u013ek\u00fdm stup\u0148om zabezpe\u010denia. Uz\u00e1ver so \u0161peci\u00e1lnou p\u00e1skou chr\u00e1ni obsah pred manipul\u00e1ciou a je nepriepustn\u00fd. Jedn\u00e1 sa o komplexn\u00e9, steriln\u00e9 a \u013eahko pou\u017eite\u013en\u00e9 rie\u0161enie na odber vzoriek a zv\u00fd\u0161enie ich bezpe\u010dnosti pri preprave.\u2028\u2028Medic\u00ednska ob\u00e1lka na vzorky je navrhnut\u00e1 s oh\u013eadom na glob\u00e1lny priemysel odberu vzoriek v lek\u00e1rskom odbore, farmaceutickom testovan\u00ed, potravin\u00e1rskom a biotechnologickom priemysle. V\u010faka modern\u00e9mu procesu tla\u010de je ka\u017ed\u00e1 ob\u00e1lka dvojito ozna\u010den\u00e1 jedine\u010dn\u00fdm \u010d\u00edslom a \u010diarov\u00fdm k\u00f3dom, \u010do eliminuje potrebu dodato\u010dnej tla\u010de, \u0161t\u00edtkovania alebo z\u00e1meny z faktoru \u013eudskej chyby.<\/p>\n<\/div>\n<\/div>\n<\/div>\n<\/div>\n<\/div>\n<\/div>\n<\/div>\n<\/div>\n<\/div>\n<\/div>\n<\/div>\n<\/div>\n<\/div>\n<\/div>\n<\/div>\n<\/div>\n<\/div>\n<\/div>\n<\/div>\n<\/div>\n<\/div>\n<\/div>\n","protected":false},"excerpt":{"rendered":"<p>Steriln\u00e1 ob\u00e1lka s viac\u00farov\u0148ov\u00fdm zabezpe\u010den\u00edm<\/p>\n","protected":false},"featured_media":1297,"template":"","meta":{"_acf_changed":false},"product_brand":[],"product_cat":[23],"product_tag":[],"class_list":{"0":"post-725","1":"product","2":"type-product","3":"status-publish","4":"has-post-thumbnail","6":"product_cat-bezpecnostne-obalky","8":"first","9":"instock","10":"taxable","11":"shipping-taxable","12":"purchasable","13":"product-type-variable","14":"has-default-attributes"},"acf":[],"jetpack_sharing_enabled":true,"_links":{"self":[{"href":"https:\/\/immersafe.sk\/shop\/wp-json\/wp\/v2\/product\/725","targetHints":{"allow":["GET"]}}],"collection":[{"href":"https:\/\/immersafe.sk\/shop\/wp-json\/wp\/v2\/product"}],"about":[{"href":"https:\/\/immersafe.sk\/shop\/wp-json\/wp\/v2\/types\/product"}],"wp:featuredmedia":[{"embeddable":true,"href":"https:\/\/immersafe.sk\/shop\/wp-json\/wp\/v2\/media\/1297"}],"wp:attachment":[{"href":"https:\/\/immersafe.sk\/shop\/wp-json\/wp\/v2\/media?parent=725"}],"wp:term":[{"taxonomy":"product_brand","embeddable":true,"href":"https:\/\/immersafe.sk\/shop\/wp-json\/wp\/v2\/product_brand?post=725"},{"taxonomy":"product_cat","embeddable":true,"href":"https:\/\/immersafe.sk\/shop\/wp-json\/wp\/v2\/product_cat?post=725"},{"taxonomy":"product_tag","embeddable":true,"href":"https:\/\/immersafe.sk\/shop\/wp-json\/wp\/v2\/product_tag?post=725"}],"curies":[{"name":"wp","href":"https:\/\/api.w.org\/{rel}","templated":true}]}}