{"id":78,"date":"2018-11-27T09:56:37","date_gmt":"2018-11-27T09:56:37","guid":{"rendered":"http:\/\/demo.accesspressthemes.com\/store-mart-lite\/?post_type=product&#038;p=78"},"modified":"2020-12-30T15:08:23","modified_gmt":"2020-12-30T15:08:23","slug":"noznice-na-plomby-760-mm","status":"publish","type":"product","link":"https:\/\/immersafe.sk\/shop\/produkt\/uzitocne\/nastroje\/noznice-na-plomby-760-mm\/","title":{"rendered":"No\u017enice na plomby 760 mm"},"content":{"rendered":"<div id=\"box_description\" class=\"box tab\">\n<div class=\"innerbox\">\n<div class=\"resetcss\">\n<p>No\u017cyce do plomb 760 mm<\/p>\n<p>No\u017cyce do przecinania plomb s\u0105 wykonane z kutej, utwardzonej stali w\u0119glowej. Nadaj\u0105 si\u0119 do \u015bci\u0105gania plomb butelkowych, kablowych i paskowych metalowych. No\u017cyce maj\u0105 regulowane r\u0119koje\u015bci, gumowe nasadki i rurowe r\u0119koje\u015bci, co zapewnia maksymaln\u0105 si\u0119 nacisku.<\/p>\n<p>No\u017enice na strihanie plomb s\u00fa vyroben\u00e9 z kovanej kalenej uhl\u00edkovej ocele. S\u00fa vhodn\u00e9 na odstr\u00e1nenie fla\u0161ti\u010dkov\u00fdch, k\u00e1blov\u00fdch a kovov\u00fdch plomb. No\u017enice maj\u00fa nastavite\u013en\u00e9 rukov\u00e4te, gumen\u00e9 n\u00e1sadky a r\u00farkov\u00e9 rukov\u00e4te pre maxim\u00e1lny tlak.<\/p>\n<\/div>\n<\/div>\n<\/div>\n","protected":false},"excerpt":{"rendered":"<p>No\u017enice na strihanie k\u00e1blov\u00fdch a kontajnerov\u00fdch plomb.<\/p>\n","protected":false},"featured_media":585,"template":"","meta":{"_acf_changed":false},"product_brand":[],"product_cat":[121,33,36,38],"product_tag":[],"class_list":{"0":"post-78","1":"product","2":"type-product","3":"status-publish","4":"has-post-thumbnail","6":"product_cat-nastroje","7":"product_cat-bezpecnostne-plomby","8":"product_cat-prepravne-plomby","9":"product_cat-uzitocne","11":"first","12":"instock","13":"taxable","14":"shipping-taxable","15":"purchasable","16":"product-type-variable","17":"has-default-attributes"},"acf":[],"jetpack_sharing_enabled":true,"_links":{"self":[{"href":"https:\/\/immersafe.sk\/shop\/wp-json\/wp\/v2\/product\/78","targetHints":{"allow":["GET"]}}],"collection":[{"href":"https:\/\/immersafe.sk\/shop\/wp-json\/wp\/v2\/product"}],"about":[{"href":"https:\/\/immersafe.sk\/shop\/wp-json\/wp\/v2\/types\/product"}],"wp:featuredmedia":[{"embeddable":true,"href":"https:\/\/immersafe.sk\/shop\/wp-json\/wp\/v2\/media\/585"}],"wp:attachment":[{"href":"https:\/\/immersafe.sk\/shop\/wp-json\/wp\/v2\/media?parent=78"}],"wp:term":[{"taxonomy":"product_brand","embeddable":true,"href":"https:\/\/immersafe.sk\/shop\/wp-json\/wp\/v2\/product_brand?post=78"},{"taxonomy":"product_cat","embeddable":true,"href":"https:\/\/immersafe.sk\/shop\/wp-json\/wp\/v2\/product_cat?post=78"},{"taxonomy":"product_tag","embeddable":true,"href":"https:\/\/immersafe.sk\/shop\/wp-json\/wp\/v2\/product_tag?post=78"}],"curies":[{"name":"wp","href":"https:\/\/api.w.org\/{rel}","templated":true}]}}