{"id":86,"date":"2018-11-27T09:59:55","date_gmt":"2018-11-27T09:59:55","guid":{"rendered":"http:\/\/demo.accesspressthemes.com\/store-mart-lite\/?post_type=product&#038;p=86"},"modified":"2021-01-25T14:09:22","modified_gmt":"2021-01-25T14:09:22","slug":"metal-ball-seal","status":"publish","type":"product","link":"https:\/\/immersafe.sk\/shop\/produkt\/bezpecnostne-plomby\/plomby-kovove\/metal-ball-seal\/","title":{"rendered":"Metal Ball Seal"},"content":{"rendered":"<div id=\"box_description\" class=\"box tab\">\n<div class=\"innerbox\">\n<div class=\"resetcss\">\n<p>Bezpe\u010dnostn\u00e1 plomba Metal Ball Seal. Kovov\u00e1 plomba s pevnou d\u013a\u017ekou a \u010d\u00edslovan\u00edm vyrazen\u00fdm na p\u00e1se.<\/p>\n<\/div>\n<\/div>\n<\/div>\n<div id=\"box_productdata\" class=\"box tab\"><\/div>\n","protected":false},"excerpt":{"rendered":"<p>Bezpe\u010dnostn\u00e1 plomba<\/p>\n","protected":false},"featured_media":1475,"template":"","meta":{"_acf_changed":false},"product_brand":[],"product_cat":[33,77,70],"product_tag":[],"class_list":{"0":"post-86","1":"product","2":"type-product","3":"status-publish","4":"has-post-thumbnail","6":"product_cat-bezpecnostne-plomby","7":"product_cat-plomby-s-pevnou-dlzkou","8":"product_cat-plomby-kovove","10":"first","11":"instock","12":"taxable","13":"shipping-taxable","14":"purchasable","15":"product-type-variable","16":"has-default-attributes"},"acf":[],"jetpack_sharing_enabled":true,"_links":{"self":[{"href":"https:\/\/immersafe.sk\/shop\/wp-json\/wp\/v2\/product\/86","targetHints":{"allow":["GET"]}}],"collection":[{"href":"https:\/\/immersafe.sk\/shop\/wp-json\/wp\/v2\/product"}],"about":[{"href":"https:\/\/immersafe.sk\/shop\/wp-json\/wp\/v2\/types\/product"}],"wp:featuredmedia":[{"embeddable":true,"href":"https:\/\/immersafe.sk\/shop\/wp-json\/wp\/v2\/media\/1475"}],"wp:attachment":[{"href":"https:\/\/immersafe.sk\/shop\/wp-json\/wp\/v2\/media?parent=86"}],"wp:term":[{"taxonomy":"product_brand","embeddable":true,"href":"https:\/\/immersafe.sk\/shop\/wp-json\/wp\/v2\/product_brand?post=86"},{"taxonomy":"product_cat","embeddable":true,"href":"https:\/\/immersafe.sk\/shop\/wp-json\/wp\/v2\/product_cat?post=86"},{"taxonomy":"product_tag","embeddable":true,"href":"https:\/\/immersafe.sk\/shop\/wp-json\/wp\/v2\/product_tag?post=86"}],"curies":[{"name":"wp","href":"https:\/\/api.w.org\/{rel}","templated":true}]}}